{"id":50,"date":"2009-12-03T09:59:53","date_gmt":"2009-12-03T14:59:53","guid":{"rendered":"http:\/\/www.baladeasaintjust.fr\/?page_id=50"},"modified":"2014-05-15T15:18:03","modified_gmt":"2014-05-15T20:18:03","slug":"le-ruisseau","status":"publish","type":"page","link":"https:\/\/www.baladeasaintjust.fr\/?page_id=50","title":{"rendered":"Le ruisseau"},"content":{"rendered":"<p><a href=\"https:\/\/www.baladeasaintjust.fr\/wp-content\/uploads\/2009\/12\/Le_Ruisseau.jpg\" rel=\"lightbox[50]\"><img loading=\"lazy\" decoding=\"async\" class=\"alignnone size-full wp-image-191\" alt=\"Le Ruisseau\" src=\"https:\/\/www.baladeasaintjust.fr\/wp-content\/uploads\/2009\/12\/Le_Ruisseau.jpg\" width=\"580\" height=\"353\" srcset=\"https:\/\/www.baladeasaintjust.fr\/wp-content\/uploads\/2009\/12\/Le_Ruisseau.jpg 775w, https:\/\/www.baladeasaintjust.fr\/wp-content\/uploads\/2009\/12\/Le_Ruisseau-300x183.jpg 300w, https:\/\/www.baladeasaintjust.fr\/wp-content\/uploads\/2009\/12\/Le_Ruisseau-768x469.jpg 768w\" sizes=\"(max-width: 580px) 100vw, 580px\" \/><\/a><\/p>\n<p>2h,<br \/>\n8,5km<br \/>\nBalisage\u00a0: GR39 (rouge et blanc), PR (jaune)<\/p>\n<p>&nbsp;<\/p>\n<p><span style=\"font-size: small;\"><strong><span style=\"font-size: x-large;\">A voir en chemin<\/span><\/strong><span style=\"font-size: x-large;\">: <\/span><\/span><\/p>\n<p><strong>\u00a0<\/strong><\/p>\n<p>Le circuit du ruisseau vous emm\u00e8nera par le site de Gr\u00e9mel qui comprend au moins trois tertres tumulaires dont certains sont couronn\u00e9s de petites pierres fich\u00e9es dans le sol. Puis vous suivrez le ruisseau qui vous m\u00e8nera \u00e0 travers bois et landes jusqu\u2019\u00e0 l\u2019\u00e9tang du Val, vous ne manquerez pas de voir les anciennes cl\u00f4tures de palis de schistes qui d\u00e9limitaient les parcelles. Ces palis servaient aussi pour la s\u00e9paration dans les maisons et dans les constructions de granges.<\/p>\n<p>&nbsp;<\/p>\n<p><span style=\"font-size: small;\"><strong><span style=\"font-size: x-large;\">Pas \u00e0 pas<\/span><\/strong><\/span><\/p>\n<p><strong>\u00a0<\/strong><\/p>\n<p>1- Prendre la rue de Bel Air pour suivre le GR 39 vers Saint-Ganton. Tourner deux fois \u00e0 droite, longer un bois de pins puis virer dans le 2\u00e8me chemin \u00e0 gauche. Au croisement prendre \u00e0 droite entre deux bois.<\/p>\n<p>2 -Suivre le balisage jaune. Longer le ruisseau \u00e0 droite. Franchir la D 65 puis s\u2019engager sur un sentier en bord de lande. Passer un carrefour et suivre un sentier parall\u00e8le \u00e0 la route. Couper un large chemin, retrouver le ruisseau et le longer en rive droite dans un vallon encaiss\u00e9.<\/p>\n<p>3- Continuer en suivant le GR 39 (balisage rouge et blanc). Longer \u00e0 droite l\u2019\u00e9tang du Val en franchissant quelques escarpements rocheux. Puis sous les rochers d\u2019escalade. Grimper \u00e0 droite le sentier escarp\u00e9 pour atteindre le site m\u00e9galithique<br \/>\nVariante\u00a0: prendre \u00e0 droite le chemin rejoignant le plateau de la Lande de Cojoux.<br \/>\n4- Suivre le large chemin entre les m\u00e9galithes. Traverser une route et continuer en face. Suivre \u00e0 gauche l\u2019accotement am\u00e9nag\u00e9 de la route pour rejoindre le bourg.<\/p>\n<p>&nbsp;<\/p>\n<p>&nbsp;<\/p>\n","protected":false},"excerpt":{"rendered":"<p>2h, 8,5km Balisage\u00a0: GR39 (rouge et blanc), PR (jaune) &nbsp; A voir en chemin: \u00a0 Le circuit du ruisseau vous emm\u00e8nera par le site de Gr\u00e9mel qui comprend au moins trois tertres tumulaires dont certains sont couronn\u00e9s de petites pierres fich\u00e9es dans le sol. Puis vous suivrez le ruisseau qui vous m\u00e8nera \u00e0 travers bois [&hellip;]<\/p>\n","protected":false},"author":1,"featured_media":0,"parent":26,"menu_order":3,"comment_status":"closed","ping_status":"closed","template":"","meta":{"footnotes":""},"_links":{"self":[{"href":"https:\/\/www.baladeasaintjust.fr\/index.php?rest_route=\/wp\/v2\/pages\/50"}],"collection":[{"href":"https:\/\/www.baladeasaintjust.fr\/index.php?rest_route=\/wp\/v2\/pages"}],"about":[{"href":"https:\/\/www.baladeasaintjust.fr\/index.php?rest_route=\/wp\/v2\/types\/page"}],"author":[{"embeddable":true,"href":"https:\/\/www.baladeasaintjust.fr\/index.php?rest_route=\/wp\/v2\/users\/1"}],"replies":[{"embeddable":true,"href":"https:\/\/www.baladeasaintjust.fr\/index.php?rest_route=%2Fwp%2Fv2%2Fcomments&post=50"}],"version-history":[{"count":9,"href":"https:\/\/www.baladeasaintjust.fr\/index.php?rest_route=\/wp\/v2\/pages\/50\/revisions"}],"predecessor-version":[{"id":177,"href":"https:\/\/www.baladeasaintjust.fr\/index.php?rest_route=\/wp\/v2\/pages\/50\/revisions\/177"}],"up":[{"embeddable":true,"href":"https:\/\/www.baladeasaintjust.fr\/index.php?rest_route=\/wp\/v2\/pages\/26"}],"wp:attachment":[{"href":"https:\/\/www.baladeasaintjust.fr\/index.php?rest_route=%2Fwp%2Fv2%2Fmedia&parent=50"}],"curies":[{"name":"wp","href":"https:\/\/api.w.org\/{rel}","templated":true}]}}