{"id":5,"date":"2009-12-01T09:54:19","date_gmt":"2009-12-01T14:54:19","guid":{"rendered":"http:\/\/www.baladeasaintjust.fr\/?page_id=5"},"modified":"2016-11-05T11:13:17","modified_gmt":"2016-11-05T16:13:17","slug":"randonnees-a-saint-just","status":"publish","type":"page","link":"https:\/\/www.baladeasaintjust.fr\/?page_id=5","title":{"rendered":"Randonn\u00e9es"},"content":{"rendered":"<p style=\"text-align: center;\">Diff\u00e9rents type de randonn\u00e9es peuvent se faire \u00e0 Saint-Just :<\/p>\n<p style=\"text-align: center;\"><a title=\"Randonn\u00e9es P\u00e9destre\" href=\"https:\/\/www.baladeasaintjust.fr\/?page_id=26\">Randonn\u00e9es P\u00e9destres<\/a><\/p>\n<p style=\"text-align: center;\"><a title=\"Randonn\u00e9es Equestres\" href=\"https:\/\/www.baladeasaintjust.fr\/?page_id=22\">Randonn\u00e9es Equestres<\/a><\/p>\n<p style=\"text-align: center;\"><a title=\"Autres circuits\" href=\"https:\/\/www.baladeasaintjust.fr\/?page_id=34\">Autres Circuits<\/a><\/p>\n<p style=\"text-align: center;\">\n","protected":false},"excerpt":{"rendered":"<p>Diff\u00e9rents type de randonn\u00e9es peuvent se faire \u00e0 Saint-Just : Randonn\u00e9es P\u00e9destres Randonn\u00e9es Equestres Autres Circuits<\/p>\n","protected":false},"author":1,"featured_media":0,"parent":0,"menu_order":1,"comment_status":"closed","ping_status":"closed","template":"","meta":{"footnotes":""},"_links":{"self":[{"href":"https:\/\/www.baladeasaintjust.fr\/index.php?rest_route=\/wp\/v2\/pages\/5"}],"collection":[{"href":"https:\/\/www.baladeasaintjust.fr\/index.php?rest_route=\/wp\/v2\/pages"}],"about":[{"href":"https:\/\/www.baladeasaintjust.fr\/index.php?rest_route=\/wp\/v2\/types\/page"}],"author":[{"embeddable":true,"href":"https:\/\/www.baladeasaintjust.fr\/index.php?rest_route=\/wp\/v2\/users\/1"}],"replies":[{"embeddable":true,"href":"https:\/\/www.baladeasaintjust.fr\/index.php?rest_route=%2Fwp%2Fv2%2Fcomments&post=5"}],"version-history":[{"count":14,"href":"https:\/\/www.baladeasaintjust.fr\/index.php?rest_route=\/wp\/v2\/pages\/5\/revisions"}],"predecessor-version":[{"id":140,"href":"https:\/\/www.baladeasaintjust.fr\/index.php?rest_route=\/wp\/v2\/pages\/5\/revisions\/140"}],"wp:attachment":[{"href":"https:\/\/www.baladeasaintjust.fr\/index.php?rest_route=%2Fwp%2Fv2%2Fmedia&parent=5"}],"curies":[{"name":"wp","href":"https:\/\/api.w.org\/{rel}","templated":true}]}}