{"id":42,"date":"2009-12-03T09:57:33","date_gmt":"2009-12-03T14:57:33","guid":{"rendered":"http:\/\/www.baladeasaintjust.fr\/?page_id=42"},"modified":"2014-04-18T16:15:20","modified_gmt":"2014-04-18T21:15:20","slug":"circuit-3","status":"publish","type":"page","link":"https:\/\/www.baladeasaintjust.fr\/?page_id=42","title":{"rendered":"Le circuit de Tr\u00e9al"},"content":{"rendered":"<p><strong>Circuit N\u00b06\u00a0: Le circuit\u00a0 de Tr\u00e9al<\/strong><br \/>\n2h30, 16Km<br \/>\nDifficult\u00e9\u00a0: facile<br \/>\nBalisage\u00a0: Equibreizh, AACIV<br \/>\nVous pouvez aussi d\u00e9couvrir une campagne bocag\u00e8re vallonn\u00e9e. L\u2019int\u00e9r\u00eat de ce circuit est de d\u00e9couvrir le site remarquable de Tr\u00e9al avec sa \u00ab\u00a0palette\u00a0\u00bb curiosit\u00e9 g\u00e9ologique et l\u2019all\u00e9e couverte, s\u00e9pulture \u00e0 entr\u00e9e lat\u00e9rale de 15m de long (2500 ans avant J.C.).Retour par le site m\u00e9galithique des landes de Cojoux.<\/p>\n","protected":false},"excerpt":{"rendered":"<p>Circuit N\u00b06\u00a0: Le circuit\u00a0 de Tr\u00e9al 2h30, 16Km Difficult\u00e9\u00a0: facile Balisage\u00a0: Equibreizh, AACIV Vous pouvez aussi d\u00e9couvrir une campagne bocag\u00e8re vallonn\u00e9e. L\u2019int\u00e9r\u00eat de ce circuit est de d\u00e9couvrir le site remarquable de Tr\u00e9al avec sa \u00ab\u00a0palette\u00a0\u00bb curiosit\u00e9 g\u00e9ologique et l\u2019all\u00e9e couverte, s\u00e9pulture \u00e0 entr\u00e9e lat\u00e9rale de 15m de long (2500 ans avant J.C.).Retour par le [&hellip;]<\/p>\n","protected":false},"author":1,"featured_media":0,"parent":22,"menu_order":3,"comment_status":"closed","ping_status":"closed","template":"","meta":{"footnotes":""},"_links":{"self":[{"href":"https:\/\/www.baladeasaintjust.fr\/index.php?rest_route=\/wp\/v2\/pages\/42"}],"collection":[{"href":"https:\/\/www.baladeasaintjust.fr\/index.php?rest_route=\/wp\/v2\/pages"}],"about":[{"href":"https:\/\/www.baladeasaintjust.fr\/index.php?rest_route=\/wp\/v2\/types\/page"}],"author":[{"embeddable":true,"href":"https:\/\/www.baladeasaintjust.fr\/index.php?rest_route=\/wp\/v2\/users\/1"}],"replies":[{"embeddable":true,"href":"https:\/\/www.baladeasaintjust.fr\/index.php?rest_route=%2Fwp%2Fv2%2Fcomments&post=42"}],"version-history":[{"count":4,"href":"https:\/\/www.baladeasaintjust.fr\/index.php?rest_route=\/wp\/v2\/pages\/42\/revisions"}],"predecessor-version":[{"id":187,"href":"https:\/\/www.baladeasaintjust.fr\/index.php?rest_route=\/wp\/v2\/pages\/42\/revisions\/187"}],"up":[{"embeddable":true,"href":"https:\/\/www.baladeasaintjust.fr\/index.php?rest_route=\/wp\/v2\/pages\/22"}],"wp:attachment":[{"href":"https:\/\/www.baladeasaintjust.fr\/index.php?rest_route=%2Fwp%2Fv2%2Fmedia&parent=42"}],"curies":[{"name":"wp","href":"https:\/\/api.w.org\/{rel}","templated":true}]}}