{"id":38,"date":"2009-12-03T09:56:47","date_gmt":"2009-12-03T14:56:47","guid":{"rendered":"http:\/\/www.baladeasaintjust.fr\/?page_id=38"},"modified":"2014-04-18T16:14:01","modified_gmt":"2014-04-18T21:14:01","slug":"circuit-1","status":"publish","type":"page","link":"https:\/\/www.baladeasaintjust.fr\/?page_id=38","title":{"rendered":"Le circuit des landes"},"content":{"rendered":"<p><strong>Circuit N\u00b04\u00a0:\u00a0le circuit des landes<\/strong><br \/>\n2h30, 15 km<br \/>\nDifficult\u00e9\u00a0: moyenne<br \/>\nBalisage\u00a0: Equibreizh, AACIV<br \/>\nCe circuit vous permettra de longer les paysages de landes (la lande de Quily et Parsac), puis le Vieux Bourg et de revenir \u00e0 Saint-Just par la Lande de Cojoux parsem\u00e9e de nombreux monuments m\u00e9galithiques.<\/p>\n","protected":false},"excerpt":{"rendered":"<p>Circuit N\u00b04\u00a0:\u00a0le circuit des landes 2h30, 15 km Difficult\u00e9\u00a0: moyenne Balisage\u00a0: Equibreizh, AACIV Ce circuit vous permettra de longer les paysages de landes (la lande de Quily et Parsac), puis le Vieux Bourg et de revenir \u00e0 Saint-Just par la Lande de Cojoux parsem\u00e9e de nombreux monuments m\u00e9galithiques.<\/p>\n","protected":false},"author":1,"featured_media":0,"parent":22,"menu_order":1,"comment_status":"closed","ping_status":"closed","template":"","meta":{"footnotes":""},"_links":{"self":[{"href":"https:\/\/www.baladeasaintjust.fr\/index.php?rest_route=\/wp\/v2\/pages\/38"}],"collection":[{"href":"https:\/\/www.baladeasaintjust.fr\/index.php?rest_route=\/wp\/v2\/pages"}],"about":[{"href":"https:\/\/www.baladeasaintjust.fr\/index.php?rest_route=\/wp\/v2\/types\/page"}],"author":[{"embeddable":true,"href":"https:\/\/www.baladeasaintjust.fr\/index.php?rest_route=\/wp\/v2\/users\/1"}],"replies":[{"embeddable":true,"href":"https:\/\/www.baladeasaintjust.fr\/index.php?rest_route=%2Fwp%2Fv2%2Fcomments&post=38"}],"version-history":[{"count":3,"href":"https:\/\/www.baladeasaintjust.fr\/index.php?rest_route=\/wp\/v2\/pages\/38\/revisions"}],"predecessor-version":[{"id":184,"href":"https:\/\/www.baladeasaintjust.fr\/index.php?rest_route=\/wp\/v2\/pages\/38\/revisions\/184"}],"up":[{"embeddable":true,"href":"https:\/\/www.baladeasaintjust.fr\/index.php?rest_route=\/wp\/v2\/pages\/22"}],"wp:attachment":[{"href":"https:\/\/www.baladeasaintjust.fr\/index.php?rest_route=%2Fwp%2Fv2%2Fmedia&parent=38"}],"curies":[{"name":"wp","href":"https:\/\/api.w.org\/{rel}","templated":true}]}}