{"id":26,"date":"2009-12-03T09:47:39","date_gmt":"2009-12-03T14:47:39","guid":{"rendered":"http:\/\/www.baladeasaintjust.fr\/?page_id=26"},"modified":"2024-11-23T16:58:03","modified_gmt":"2024-11-23T15:58:03","slug":"circuits-pedestres","status":"publish","type":"page","link":"https:\/\/www.baladeasaintjust.fr\/?page_id=26","title":{"rendered":"P\u00e9destre"},"content":{"rendered":"<p><span style=\"font-size: large;\"><b>Prenez le temps de d\u00e9couvrir les trois circuits de randonn\u00e9e p\u00e9destre sur la commune de Saint-Just en Ille et Vilaine<\/b><\/span><\/p>\n<p style=\"text-align: left;\">Cliquer sur la carte pour l&rsquo;agrandir<\/p>\n<p><a title=\"Cartes des sentiers\" href=\"https:\/\/www.baladeasaintjust.fr\/wp-content\/uploads\/2009\/12\/carte.swf\"><img loading=\"lazy\" decoding=\"async\" class=\"alignnone size-medium wp-image-167\" src=\"https:\/\/www.baladeasaintjust.fr\/wp-content\/uploads\/2009\/12\/Carte-300x210.png\" alt=\"Carte\" width=\"300\" height=\"210\" \/><\/a><\/p>\n<p><span style=\"font-size: large;\"><b>Pour chaque circuit vous trouverez le \u00ab\u00a0<\/b><\/span><span style=\"font-size: large;\"><i><b>voir en chemin<\/b><\/i><\/span><span style=\"font-size: large;\"><b>\u00a0\u00bb et le \u00ab\u00a0<\/b><\/span><span style=\"font-size: large;\"><i><b>pas \u00e0 pas<\/b><\/i><\/span><span style=\"font-size: large;\"><b>\u00a0\u00bb <\/b><\/span><\/p>\n<p style=\"text-align: left;\"><a href=\"https:\/\/www.baladeasaintjust.fr\/?page_id=47\">Du nouveau vers le Vieux Bourg<\/a><\/p>\n<p style=\"text-align: left;\"><a href=\"https:\/\/www.baladeasaintjust.fr\/?page_id=49\">Les f\u00e9es de Tr\u00e9al<\/a><\/p>\n<p style=\"text-align: left;\"><a href=\"https:\/\/www.baladeasaintjust.fr\/?page_id=50\">Le ruisseau<\/a><\/p>\n<p style=\"text-align: left;\">\n<p style=\"text-align: left;\">\n","protected":false},"excerpt":{"rendered":"<p>Prenez le temps de d\u00e9couvrir les trois circuits de randonn\u00e9e p\u00e9destre sur la commune de Saint-Just en Ille et Vilaine Cliquer sur la carte pour l&rsquo;agrandir Pour chaque circuit vous trouverez le \u00ab\u00a0voir en chemin\u00a0\u00bb et le \u00ab\u00a0pas \u00e0 pas\u00a0\u00bb Du nouveau vers le Vieux Bourg Les f\u00e9es de Tr\u00e9al Le ruisseau<\/p>\n","protected":false},"author":1,"featured_media":0,"parent":5,"menu_order":1,"comment_status":"closed","ping_status":"closed","template":"","meta":{"footnotes":""},"_links":{"self":[{"href":"https:\/\/www.baladeasaintjust.fr\/index.php?rest_route=\/wp\/v2\/pages\/26"}],"collection":[{"href":"https:\/\/www.baladeasaintjust.fr\/index.php?rest_route=\/wp\/v2\/pages"}],"about":[{"href":"https:\/\/www.baladeasaintjust.fr\/index.php?rest_route=\/wp\/v2\/types\/page"}],"author":[{"embeddable":true,"href":"https:\/\/www.baladeasaintjust.fr\/index.php?rest_route=\/wp\/v2\/users\/1"}],"replies":[{"embeddable":true,"href":"https:\/\/www.baladeasaintjust.fr\/index.php?rest_route=%2Fwp%2Fv2%2Fcomments&post=26"}],"version-history":[{"count":19,"href":"https:\/\/www.baladeasaintjust.fr\/index.php?rest_route=\/wp\/v2\/pages\/26\/revisions"}],"predecessor-version":[{"id":574,"href":"https:\/\/www.baladeasaintjust.fr\/index.php?rest_route=\/wp\/v2\/pages\/26\/revisions\/574"}],"up":[{"embeddable":true,"href":"https:\/\/www.baladeasaintjust.fr\/index.php?rest_route=\/wp\/v2\/pages\/5"}],"wp:attachment":[{"href":"https:\/\/www.baladeasaintjust.fr\/index.php?rest_route=%2Fwp%2Fv2%2Fmedia&parent=26"}],"curies":[{"name":"wp","href":"https:\/\/api.w.org\/{rel}","templated":true}]}}