{"id":24,"date":"2009-12-03T09:47:06","date_gmt":"2009-12-03T14:47:06","guid":{"rendered":"http:\/\/www.baladeasaintjust.fr\/?page_id=24"},"modified":"2024-06-10T15:24:32","modified_gmt":"2024-06-10T13:24:32","slug":"photos","status":"publish","type":"page","link":"https:\/\/www.baladeasaintjust.fr\/?page_id=24","title":{"rendered":"Photos"},"content":{"rendered":"<p style=\"text-align: center;\">Voici des photos du patrimoine Saint-Justin &#8230;<\/p>\n<p style=\"text-align: center;\"><a href=\"https:\/\/www.baladeasaintjust.fr\/wp-content\/uploads\/2009\/12\/manoir.jpg\" rel=\"lightbox[24]\"><img loading=\"lazy\" decoding=\"async\" class=\"aligncenter\" title=\"Manoir de la Vall\u00e9e\" src=\"https:\/\/www.baladeasaintjust.fr\/wp-content\/uploads\/2009\/12\/manoir-300x200.jpg\" alt=\"\" width=\"500\" height=\"333\" \/><\/a><\/p>\n<p style=\"text-align: center;\"><strong>Manoir de la Vall\u00e9e :<\/strong> vers 1628, il passa aux seigneurs de Parsac, baronnie de Renac. Admirez les arcades de pierres ainsi que le double four \u00e0 pain (il en aurait seulement deux de connu en Ille-et-Vilaine). \u00a0Le site m\u00e9galithique de Gr\u00e9mel comprend au moins trois tertres tumulaires dont certains sont couronn\u00e9s de petites pierres fich\u00e9es dans le sol.<\/p>\n<p style=\"text-align: center;\"><a href=\"https:\/\/www.baladeasaintjust.fr\/wp-content\/uploads\/2009\/12\/palis.jpg\" rel=\"lightbox[24]\"><img loading=\"lazy\" decoding=\"async\" title=\"Haie de Palis\" src=\"https:\/\/www.baladeasaintjust.fr\/wp-content\/uploads\/2009\/12\/palis-300x200.jpg\" alt=\"\" width=\"500\" height=\"333\" \/><\/a><\/p>\n<p style=\"text-align: center;\"><strong>Les\u00a0cl\u00f4tures\u00a0en palis<\/strong> : Les anciennes cl\u00f4tures de palis de schistes d\u00e9limitaient les parcelles.<\/p>\n<p style=\"text-align: center;\">Ces palis servaient aussi pour la s\u00e9paration dans les maisons et dans les constructions de granges.<\/p>\n<pre><a href=\"https:\/\/www.baladeasaintjust.fr\/wp-content\/uploads\/2009\/12\/pont_de_la_vallee.jpg\" rel=\"lightbox[24]\"><img loading=\"lazy\" decoding=\"async\" class=\"aligncenter\" title=\"Pont de la Vall\u00e9e\" src=\"https:\/\/www.baladeasaintjust.fr\/wp-content\/uploads\/2009\/12\/pont_de_la_vallee-300x225.jpg\" alt=\"\" width=\"500\" height=\"375\" \/><\/a><\/pre>\n<p style=\"text-align: center;\"><strong>Pont de la Vall\u00e9e :\u00a0<\/strong>Ce pont \u00ab ancien \u00bb comprend 3 canaux d\u2019\u00e9coulement, remarquez la qualit\u00e9 architecturale de la ma\u00e7onnerie des piliers. Ce pont a \u00e9t\u00e9 r\u00e9cemment reconsolid\u00e9 tout en conservant sa qualit\u00e9 patrimoniale.<\/p>\n<p style=\"text-align: center;\">D&rsquo;autres photos du patrimoine de Saint-Just<\/p>\n<p style=\"text-align: left;\"><a href=\"https:\/\/www.baladeasaintjust.fr\/wp-content\/uploads\/2009\/12\/Tr\u00e9al-3.JPG\" rel=\"lightbox[24]\"><img loading=\"lazy\" decoding=\"async\" class=\"alignnone size-thumbnail wp-image-86\" title=\"Maison de Tr\u00e9al\" src=\"https:\/\/www.baladeasaintjust.fr\/wp-content\/uploads\/2009\/12\/Tr\u00e9al-3-150x150.jpg\" alt=\"Maison de Tr\u00e9al\" width=\"150\" height=\"150\" \/><\/a> <a href=\"https:\/\/www.baladeasaintjust.fr\/wp-content\/uploads\/2009\/12\/IMGP1770.jpg\" rel=\"lightbox[24]\"><img loading=\"lazy\" decoding=\"async\" class=\"alignnone size-thumbnail wp-image-85\" title=\"Maison du Vieux bourg\" src=\"https:\/\/www.baladeasaintjust.fr\/wp-content\/uploads\/2009\/12\/IMGP1770-150x150.jpg\" alt=\"Maison du Vieux bourg\" width=\"150\" height=\"150\" \/><\/a> <a href=\"https:\/\/www.baladeasaintjust.fr\/wp-content\/uploads\/2009\/12\/100_1337-Bocad\u00e8ve.JPG\" rel=\"lightbox[24]\"><img loading=\"lazy\" decoding=\"async\" class=\"alignnone size-thumbnail wp-image-84\" title=\"Maison de Bocad\u00e8ve\" src=\"https:\/\/www.baladeasaintjust.fr\/wp-content\/uploads\/2009\/12\/100_1337-Bocad\u00e8ve-150x150.jpg\" alt=\"Maison de Bocad\u00e8ve\" width=\"150\" height=\"150\" \/><\/a> <a href=\"https:\/\/www.baladeasaintjust.fr\/wp-content\/uploads\/2009\/12\/100_0883.JPG\" rel=\"lightbox[24]\"><img loading=\"lazy\" decoding=\"async\" class=\"alignnone size-thumbnail wp-image-83\" title=\"Manoir de la Vall\u00e9e\" src=\"https:\/\/www.baladeasaintjust.fr\/wp-content\/uploads\/2009\/12\/100_0883-150x150.jpg\" alt=\"Manoir de la Vall\u00e9e\" width=\"150\" height=\"150\" \/><\/a><a href=\"https:\/\/www.baladeasaintjust.fr\/wp-content\/uploads\/2009\/12\/100_0259.jpg\" rel=\"lightbox[24]\"> <img loading=\"lazy\" decoding=\"async\" class=\"alignnone size-thumbnail wp-image-82\" title=\"Maison\" src=\"https:\/\/www.baladeasaintjust.fr\/wp-content\/uploads\/2009\/12\/100_0259-150x150.jpg\" alt=\"Maison\" width=\"150\" height=\"150\" \/> <\/a><a href=\"https:\/\/www.baladeasaintjust.fr\/wp-content\/uploads\/2009\/12\/100_0141.jpg\" rel=\"lightbox[24]\"><img loading=\"lazy\" decoding=\"async\" class=\"alignnone size-thumbnail wp-image-81\" title=\"Maison \" src=\"https:\/\/www.baladeasaintjust.fr\/wp-content\/uploads\/2009\/12\/100_0141-150x150.jpg\" alt=\"Maison \" width=\"150\" height=\"150\" \/><\/a> <a href=\"https:\/\/www.baladeasaintjust.fr\/wp-content\/uploads\/2009\/12\/100_0035.JPG\" rel=\"lightbox[24]\"><img loading=\"lazy\" decoding=\"async\" class=\"alignnone size-thumbnail wp-image-80\" title=\"Maison du Teillac\" src=\"https:\/\/www.baladeasaintjust.fr\/wp-content\/uploads\/2009\/12\/100_0035-150x150.jpg\" alt=\"Maison du Teillac\" width=\"150\" height=\"150\" \/><\/a><\/p>\n","protected":false},"excerpt":{"rendered":"<p>Voici des photos du patrimoine Saint-Justin &#8230; Manoir de la Vall\u00e9e : vers 1628, il passa aux seigneurs de Parsac, baronnie de Renac. Admirez les arcades de pierres ainsi que le double four \u00e0 pain (il en aurait seulement deux de connu en Ille-et-Vilaine). \u00a0Le site m\u00e9galithique de Gr\u00e9mel comprend au moins trois tertres tumulaires [&hellip;]<\/p>\n","protected":false},"author":1,"featured_media":0,"parent":9,"menu_order":0,"comment_status":"closed","ping_status":"closed","template":"","meta":{"footnotes":""},"_links":{"self":[{"href":"https:\/\/www.baladeasaintjust.fr\/index.php?rest_route=\/wp\/v2\/pages\/24"}],"collection":[{"href":"https:\/\/www.baladeasaintjust.fr\/index.php?rest_route=\/wp\/v2\/pages"}],"about":[{"href":"https:\/\/www.baladeasaintjust.fr\/index.php?rest_route=\/wp\/v2\/types\/page"}],"author":[{"embeddable":true,"href":"https:\/\/www.baladeasaintjust.fr\/index.php?rest_route=\/wp\/v2\/users\/1"}],"replies":[{"embeddable":true,"href":"https:\/\/www.baladeasaintjust.fr\/index.php?rest_route=%2Fwp%2Fv2%2Fcomments&post=24"}],"version-history":[{"count":40,"href":"https:\/\/www.baladeasaintjust.fr\/index.php?rest_route=\/wp\/v2\/pages\/24\/revisions"}],"predecessor-version":[{"id":531,"href":"https:\/\/www.baladeasaintjust.fr\/index.php?rest_route=\/wp\/v2\/pages\/24\/revisions\/531"}],"up":[{"embeddable":true,"href":"https:\/\/www.baladeasaintjust.fr\/index.php?rest_route=\/wp\/v2\/pages\/9"}],"wp:attachment":[{"href":"https:\/\/www.baladeasaintjust.fr\/index.php?rest_route=%2Fwp%2Fv2%2Fmedia&parent=24"}],"curies":[{"name":"wp","href":"https:\/\/api.w.org\/{rel}","templated":true}]}}