{"id":22,"date":"2009-12-03T09:46:00","date_gmt":"2009-12-03T14:46:00","guid":{"rendered":"http:\/\/www.baladeasaintjust.fr\/?page_id=22"},"modified":"2020-07-22T13:20:58","modified_gmt":"2020-07-22T18:20:58","slug":"circuits-equestres","status":"publish","type":"page","link":"https:\/\/www.baladeasaintjust.fr\/?page_id=22","title":{"rendered":"Equestre"},"content":{"rendered":"<p>&nbsp;<\/p>\n<p>Attention: modification du circuit du bois au niveau du P\u00e9lican<\/p>\n<p>&nbsp;<\/p>\n<p><a href=\"https:\/\/www.baladeasaintjust.fr\/wp-content\/uploads\/2009\/12\/001_edited.jpg\" rel=\"lightbox[22]\"><img loading=\"lazy\" decoding=\"async\" class=\"size-medium wp-image-495 alignleft\" alt=\"001_edited\" src=\"https:\/\/www.baladeasaintjust.fr\/wp-content\/uploads\/2009\/12\/001_edited-208x300.jpg\" width=\"208\" height=\"300\" \/><\/a><\/p>\n<p>&nbsp;<\/p>\n<p>&nbsp;<\/p>\n<p>&nbsp;<\/p>\n<p>&nbsp;<\/p>\n<p>&nbsp;<\/p>\n<p>&nbsp;<\/p>\n<p>&nbsp;<\/p>\n<p>&nbsp;<\/p>\n<p>&nbsp;<\/p>\n<p>Voici les circuits de randonn\u00e9e \u00e9questre<\/p>\n<p>Cliquer sur la carte pour l\u2019agrandir<\/p>\n<p><a title=\"Carte Circuits Equestres\" href=\"https:\/\/www.baladeasaintjust.fr\/wp-content\/uploads\/2009\/12\/carte_equestre.swf\"><img loading=\"lazy\" decoding=\"async\" class=\"alignnone size-medium wp-image-172\" alt=\"Carte_Equestre\" src=\"https:\/\/www.baladeasaintjust.fr\/wp-content\/uploads\/2009\/12\/Carte_Equestre-300x206.png\" width=\"300\" height=\"206\" srcset=\"https:\/\/www.baladeasaintjust.fr\/wp-content\/uploads\/2009\/12\/Carte_Equestre-300x206.png 300w, https:\/\/www.baladeasaintjust.fr\/wp-content\/uploads\/2009\/12\/Carte_Equestre.png 585w\" sizes=\"(max-width: 300px) 100vw, 300px\" \/><\/a><\/p>\n<p>Le FAR vous propose trois boucles \u00e9questres de distance et de difficult\u00e9 moyenne. Les longs chemins ruraux en majorit\u00e9 en terre offrent la possibilit\u00e9 aux cavaliers de mettre leurs chevaux au galop. En empruntant les d\u00e9viations (circuit vert), ces circuits peuvent accueillir des attelages.<\/p>\n<p><strong>Circuit N\u00b04\u00a0:\u00a0le circuit des landes<\/strong><br \/>\n2h30, 15 km<br \/>\nDifficult\u00e9\u00a0: moyenne<br \/>\nBalisage\u00a0: Equibreizh, AACIV<br \/>\nCe circuit vous permettra de longer les paysages de landes (la lande de Quily et Parsac), puis le Vieux Bourg et de revenir \u00e0 Saint-Just par la Lande de Cojoux parsem\u00e9e de nombreux monuments m\u00e9galithiques.<\/p>\n<p><strong>Circuit N\u00b05\u00a0:\u00a0le circuit des bois<\/strong><br \/>\n2h30, 15 km<br \/>\nDifficult\u00e9\u00a0: moyenne<br \/>\nBalisage\u00a0: Equibreizh, AACIV<br \/>\nVous pourrez d\u00e9couvrir une campagne bocag\u00e8re vallonn\u00e9e, vous longerez sur l\u2019ensemble du parcours de nombreux bois qui font l\u2019attrait de ce circuit. En prenant de la hauteur vous profiterez de superbes panoramas.<\/p>\n<p><strong>Circuit N\u00b06\u00a0: Le circuit\u00a0 de Tr\u00e9al<\/strong><br \/>\n2h30, 16Km<br \/>\nDifficult\u00e9\u00a0: facile<br \/>\nBalisage\u00a0: Equibreizh, AACIV<br \/>\nVous pouvez aussi d\u00e9couvrir une campagne bocag\u00e8re vallonn\u00e9e. L\u2019int\u00e9r\u00eat de ce circuit est de d\u00e9couvrir le site remarquable de Tr\u00e9al avec sa \u00ab\u00a0palette\u00a0\u00bb curiosit\u00e9 g\u00e9ologique et l\u2019all\u00e9e couverte, s\u00e9pulture \u00e0 entr\u00e9e lat\u00e9rale de 15m de long (2500 ans avant J.C.).Retour par le site m\u00e9galithique des landes de Cojoux.<\/p>\n<p>&nbsp;<\/p>\n","protected":false},"excerpt":{"rendered":"<p>&nbsp; Attention: modification du circuit du bois au niveau du P\u00e9lican &nbsp; &nbsp; &nbsp; &nbsp; &nbsp; &nbsp; &nbsp; &nbsp; &nbsp; &nbsp; Voici les circuits de randonn\u00e9e \u00e9questre Cliquer sur la carte pour l\u2019agrandir Le FAR vous propose trois boucles \u00e9questres de distance et de difficult\u00e9 moyenne. Les longs chemins ruraux en majorit\u00e9 en terre offrent [&hellip;]<\/p>\n","protected":false},"author":1,"featured_media":0,"parent":5,"menu_order":2,"comment_status":"closed","ping_status":"closed","template":"","meta":{"footnotes":""},"_links":{"self":[{"href":"https:\/\/www.baladeasaintjust.fr\/index.php?rest_route=\/wp\/v2\/pages\/22"}],"collection":[{"href":"https:\/\/www.baladeasaintjust.fr\/index.php?rest_route=\/wp\/v2\/pages"}],"about":[{"href":"https:\/\/www.baladeasaintjust.fr\/index.php?rest_route=\/wp\/v2\/types\/page"}],"author":[{"embeddable":true,"href":"https:\/\/www.baladeasaintjust.fr\/index.php?rest_route=\/wp\/v2\/users\/1"}],"replies":[{"embeddable":true,"href":"https:\/\/www.baladeasaintjust.fr\/index.php?rest_route=%2Fwp%2Fv2%2Fcomments&post=22"}],"version-history":[{"count":11,"href":"https:\/\/www.baladeasaintjust.fr\/index.php?rest_route=\/wp\/v2\/pages\/22\/revisions"}],"predecessor-version":[{"id":170,"href":"https:\/\/www.baladeasaintjust.fr\/index.php?rest_route=\/wp\/v2\/pages\/22\/revisions\/170"}],"up":[{"embeddable":true,"href":"https:\/\/www.baladeasaintjust.fr\/index.php?rest_route=\/wp\/v2\/pages\/5"}],"wp:attachment":[{"href":"https:\/\/www.baladeasaintjust.fr\/index.php?rest_route=%2Fwp%2Fv2%2Fmedia&parent=22"}],"curies":[{"name":"wp","href":"https:\/\/api.w.org\/{rel}","templated":true}]}}