{"id":11,"date":"2009-12-02T04:29:03","date_gmt":"2009-12-02T09:29:03","guid":{"rendered":"http:\/\/www.baladeasaintjust.fr\/?page_id=11"},"modified":"2024-07-09T15:46:36","modified_gmt":"2024-07-09T13:46:36","slug":"le-far","status":"publish","type":"page","link":"https:\/\/www.baladeasaintjust.fr\/?page_id=11","title":{"rendered":"Le FAR se pr\u00e9sente"},"content":{"rendered":"<p>Foyer d\u2019Animation Rural<br \/>\n10 rue du Halgou\u00ebt<br \/>\n35550 SAINT-JUST<br \/>\nT\u00e9l : 06 14 43 44 11<br \/>\nCourriel : farsaintjust35@yahoo.fr<br \/>\nSite internet : www.baladeasaintjust.fr<\/p>\n<p><a href=\"https:\/\/www.baladeasaintjust.fr\/wp-content\/uploads\/2016\/11\/IMG_0094.jpg\" rel=\"lightbox[11]\"><img loading=\"lazy\" decoding=\"async\" class=\"size-medium wp-image-465 alignleft\" src=\"https:\/\/www.baladeasaintjust.fr\/wp-content\/uploads\/2016\/11\/IMG_0094-300x200.jpg\" alt=\"img_0094\" width=\"300\" height=\"200\" srcset=\"https:\/\/www.baladeasaintjust.fr\/wp-content\/uploads\/2016\/11\/IMG_0094-300x200.jpg 300w, https:\/\/www.baladeasaintjust.fr\/wp-content\/uploads\/2016\/11\/IMG_0094-768x512.jpg 768w, https:\/\/www.baladeasaintjust.fr\/wp-content\/uploads\/2016\/11\/IMG_0094.jpg 1024w\" sizes=\"(max-width: 300px) 100vw, 300px\" \/><\/a><\/p>\n<p><strong>1-Pr\u00e9sentation du FAR (Foyer d\u2019Animation Rural)<\/strong><\/p>\n<p>a-Statuts : association de la loi 1901<\/p>\n<p>b-Agr\u00e9ment jeunesse et sport : 35256<\/p>\n<p>c- Affiliation<br \/>\nF\u00e9d\u00e9ration d\u2019animation rurale des Pays de Vilaine<br \/>\nUBAPAR (Union Bretonne pour l&rsquo;Animation des Pays Ruraux)<\/p>\n<p><a href=\"https:\/\/www.baladeasaintjust.fr\/wp-content\/uploads\/2016\/11\/P1000989.jpg\" rel=\"lightbox[11]\"><img loading=\"lazy\" decoding=\"async\" class=\"size-medium wp-image-453 alignleft\" src=\"https:\/\/www.baladeasaintjust.fr\/wp-content\/uploads\/2016\/11\/P1000989-300x225.jpg\" alt=\"p1000989\" width=\"300\" height=\"225\" srcset=\"https:\/\/www.baladeasaintjust.fr\/wp-content\/uploads\/2016\/11\/P1000989-300x225.jpg 300w, https:\/\/www.baladeasaintjust.fr\/wp-content\/uploads\/2016\/11\/P1000989-768x576.jpg 768w, https:\/\/www.baladeasaintjust.fr\/wp-content\/uploads\/2016\/11\/P1000989.jpg 1024w\" sizes=\"(max-width: 300px) 100vw, 300px\" \/><\/a><\/p>\n<p>d-Buts de l\u2019association :<br \/>\nPromotion de l\u2019animation culturelle et sociale, cr\u00e9ation d\u2019activit\u00e9s de rencontres et de loisirs sur la commune.<\/p>\n<p>e-Nombre d\u2019adh\u00e9rents en 2024:<\/p>\n<p>60, dont une trentaine de b\u00e9n\u00e9voles qui participent au fonctionnement de l\u2019association. Le travail effectu\u00e9 par ces b\u00e9n\u00e9voles \u00e9quivaut en terme d\u2019emploi \u00e0 un temps plein \u00e0 l\u2019ann\u00e9e.<\/p>\n<p>f-Equipe dirigeante :<\/p>\n<p>Pr\u00e9sident: Robert COTTO<br \/>\nTr\u00e9sorier: Gervais DEBRAY<\/p>\n<p>Les activit\u00e9s du FAR (Foyer d&rsquo;Animations Rurales)<\/p>\n<p><a href=\"https:\/\/www.baladeasaintjust.fr\/wp-content\/uploads\/2016\/11\/IMG_0736.jpg\" rel=\"lightbox[11]\"><img loading=\"lazy\" decoding=\"async\" class=\"size-medium wp-image-449 alignleft\" src=\"https:\/\/www.baladeasaintjust.fr\/wp-content\/uploads\/2016\/11\/IMG_0736-300x200.jpg\" alt=\"img_0736\" width=\"300\" height=\"200\" srcset=\"https:\/\/www.baladeasaintjust.fr\/wp-content\/uploads\/2016\/11\/IMG_0736-300x200.jpg 300w, https:\/\/www.baladeasaintjust.fr\/wp-content\/uploads\/2016\/11\/IMG_0736-768x512.jpg 768w, https:\/\/www.baladeasaintjust.fr\/wp-content\/uploads\/2016\/11\/IMG_0736.jpg 1024w\" sizes=\"(max-width: 300px) 100vw, 300px\" \/><\/a><\/p>\n<p><a href=\"https:\/\/www.baladeasaintjust.fr\/wp-content\/uploads\/2016\/11\/P1010245.jpg\" rel=\"lightbox[11]\"><img loading=\"lazy\" decoding=\"async\" class=\"size-medium wp-image-472 alignleft\" src=\"https:\/\/www.baladeasaintjust.fr\/wp-content\/uploads\/2016\/11\/P1010245-300x225.jpg\" alt=\"p1010245\" width=\"300\" height=\"225\" srcset=\"https:\/\/www.baladeasaintjust.fr\/wp-content\/uploads\/2016\/11\/P1010245-300x225.jpg 300w, https:\/\/www.baladeasaintjust.fr\/wp-content\/uploads\/2016\/11\/P1010245-768x576.jpg 768w, https:\/\/www.baladeasaintjust.fr\/wp-content\/uploads\/2016\/11\/P1010245.jpg 1024w\" sizes=\"(max-width: 300px) 100vw, 300px\" \/><\/a><\/p>\n<div id=\"attachment_477\" style=\"width: 310px\" class=\"wp-caption alignleft\"><a href=\"https:\/\/www.baladeasaintjust.fr\/wp-content\/uploads\/2016\/11\/P1010258.jpg\" rel=\"lightbox[11]\"><img loading=\"lazy\" decoding=\"async\" aria-describedby=\"caption-attachment-477\" class=\"size-medium wp-image-477\" src=\"https:\/\/www.baladeasaintjust.fr\/wp-content\/uploads\/2016\/11\/P1010258-300x225.jpg\" alt=\"Visite de l'ancien presbyt\u00e8re avec Patrice\" width=\"300\" height=\"225\" srcset=\"https:\/\/www.baladeasaintjust.fr\/wp-content\/uploads\/2016\/11\/P1010258-300x225.jpg 300w, https:\/\/www.baladeasaintjust.fr\/wp-content\/uploads\/2016\/11\/P1010258-768x576.jpg 768w, https:\/\/www.baladeasaintjust.fr\/wp-content\/uploads\/2016\/11\/P1010258.jpg 1024w\" sizes=\"(max-width: 300px) 100vw, 300px\" \/><\/a><p id=\"caption-attachment-477\" class=\"wp-caption-text\">Visite de l&rsquo;ancien presbyt\u00e8re avec Patrice<\/p><\/div>\n","protected":false},"excerpt":{"rendered":"<p>Foyer d\u2019Animation Rural 10 rue du Halgou\u00ebt 35550 SAINT-JUST T\u00e9l : 06 14 43 44 11 Courriel : farsaintjust35@yahoo.fr Site internet : www.baladeasaintjust.fr 1-Pr\u00e9sentation du FAR (Foyer d\u2019Animation Rural) a-Statuts : association de la loi 1901 b-Agr\u00e9ment jeunesse et sport : 35256 c- Affiliation F\u00e9d\u00e9ration d\u2019animation rurale des Pays de Vilaine UBAPAR (Union Bretonne pour [&hellip;]<\/p>\n","protected":false},"author":1,"featured_media":0,"parent":0,"menu_order":3,"comment_status":"closed","ping_status":"closed","template":"","meta":{"footnotes":""},"_links":{"self":[{"href":"https:\/\/www.baladeasaintjust.fr\/index.php?rest_route=\/wp\/v2\/pages\/11"}],"collection":[{"href":"https:\/\/www.baladeasaintjust.fr\/index.php?rest_route=\/wp\/v2\/pages"}],"about":[{"href":"https:\/\/www.baladeasaintjust.fr\/index.php?rest_route=\/wp\/v2\/types\/page"}],"author":[{"embeddable":true,"href":"https:\/\/www.baladeasaintjust.fr\/index.php?rest_route=\/wp\/v2\/users\/1"}],"replies":[{"embeddable":true,"href":"https:\/\/www.baladeasaintjust.fr\/index.php?rest_route=%2Fwp%2Fv2%2Fcomments&post=11"}],"version-history":[{"count":23,"href":"https:\/\/www.baladeasaintjust.fr\/index.php?rest_route=\/wp\/v2\/pages\/11\/revisions"}],"predecessor-version":[{"id":539,"href":"https:\/\/www.baladeasaintjust.fr\/index.php?rest_route=\/wp\/v2\/pages\/11\/revisions\/539"}],"wp:attachment":[{"href":"https:\/\/www.baladeasaintjust.fr\/index.php?rest_route=%2Fwp%2Fv2%2Fmedia&parent=11"}],"curies":[{"name":"wp","href":"https:\/\/api.w.org\/{rel}","templated":true}]}}